{"id":1812,"date":"2019-10-15T16:33:45","date_gmt":"2019-10-15T13:33:45","guid":{"rendered":"https:\/\/gounaropoulos.gr\/?page_id=1812"},"modified":"2020-10-29T14:58:58","modified_gmt":"2020-10-29T12:58:58","slug":"terms-of-use","status":"publish","type":"page","link":"https:\/\/gounaropoulos.gr\/fr\/terms-of-use\/","title":{"rendered":"Conditions d&rsquo;utilisation"},"content":{"rendered":"\n<h3 class=\"wp-block-heading\"><strong>Informations g\u00e9n\u00e9rales <\/strong><\/h3>\n\n\n\n<p>L&rsquo;utilisation de ce site Web est\nsoumise aux conditions \u00e9nonc\u00e9es ci-dessous. L&rsquo;utilisation du site Web est une\npr\u00e9somption que le visiteur \/ utilisateur a \u00e9tudi\u00e9, compris et accept\u00e9 toutes\nles conditions d&rsquo;utilisation du site Web. Dans le cas o\u00f9 le visiteur \/\nutilisateur n&rsquo;est pas d&rsquo;accord avec les conditions d&rsquo;utilisation de celui-ci,\nil ne doit pas utiliser les services et son contenu.<\/p>\n\n\n\n<p>Ces conditions d&rsquo;utilisation peuvent\n\u00eatre r\u00e9vis\u00e9es et mises \u00e0 jour \u00e0 tout moment sans pr\u00e9avis. Veuillez v\u00e9rifier les\nconditions d&rsquo;utilisation du site Web \u00e0 intervalles r\u00e9guliers, car son\nutilisation continue implique que vous acceptez ces modifications.<\/p>\n\n\n\n<p>La publication de commentaires a \u00e9t\u00e9 bloqu\u00e9e par l&rsquo;administrateur.<\/p>\n\n\n\n<h3 class=\"wp-block-heading\"><strong>Droits de propri\u00e9t\u00e9 intellectuelle<\/strong><\/h3>\n\n\n\n<p>La propri\u00e9t\u00e9 intellectuelle s&rsquo;acquiert sans aucune formalit\u00e9 et sans la n\u00e9cessit\u00e9 d&rsquo;une clause interdisant ses violations. Tout le contenu de ce site, \u00e0 l&rsquo;exception des mentions explicites (droits d&rsquo;auteur de tiers), est la propri\u00e9t\u00e9 intellectuelle du mus\u00e9e G. Gounaropoulos et est prot\u00e9g\u00e9 par la loi applicable. Il convient toutefois de noter que, lors de l&rsquo;acceptation des conditions d&rsquo;utilisation, le contenu de ce site Web peut \u00eatre utilis\u00e9 librement pour un usage strictement priv\u00e9 et non commercial, \u00e0 condition que la source soit fournie et ne soit pas sujette \u00e0 modification, notamment en cas de la  reproduction. Toute autre utilisation n\u00e9cessite l&rsquo;autorisation \u00e9crite et expresse du Mus\u00e9e G. Gounaropoulos ou du tiers titulaire des droits d&rsquo;auteur.<\/p>\n\n\n\n<h3 class=\"wp-block-heading\"><strong>Protection des donn\u00e9es \u00e0 caract\u00e8re personnel<\/strong><\/h3>\n\n\n\n<p>Le traitement et la protection des\ndonn\u00e9es \u00e0 caract\u00e8re personnel du visiteur \/ utilisateur du site Web sont soumis\naux termes de cette annonce et de la politique de confidentialit\u00e9, ainsi qu&rsquo;aux\ndispositions du droit national, europ\u00e9en et international concernant la\nprotection de l&rsquo;individu contre traitement des donn\u00e9es personnelles, le cas\n\u00e9ch\u00e9ant.<\/p>\n\n\n\n<p>Par cons\u00e9quent, ces conditions de protection des donn\u00e9es personnelles peuvent \u00eatre revues et mises \u00e0 jour \u00e0 tout moment sans pr\u00e9avis. Les utilisateurs du site Web sont pri\u00e9s de v\u00e9rifier les termes de la politique de confidentialit\u00e9 pour tout changement de temps \u00e0 autre, car l&rsquo;utilisation continue du site Web implique qu&rsquo;ils acceptent toutes les modifications possibles de celui-ci.<\/p>\n\n\n\n<h3 class=\"wp-block-heading\"><strong>Limitation de responsabilit\u00e9 du mus\u00e9e G. Gounaropoulos &#8211; Clause de non-responsabilit\u00e9<\/strong><\/h3>\n\n\n\n<p>Le contenu du site Web est disponible \u00ab tel quel \u00bb et les mises \u00e0 jour du contenu sont effectu\u00e9es en fonction de la disponibilit\u00e9 du mat\u00e9riel et sans p\u00e9riodicit\u00e9 pr\u00e9d\u00e9termin\u00e9e. Le Mus\u00e9e G. Gounaropoulos ne fournit aucune garantie, expresse ou non, concernant l&rsquo;exhaustivit\u00e9, l&rsquo;exactitude, l&rsquo;actualit\u00e9, la commercialisation, la non-violation ou l&rsquo;ad\u00e9quation de ce contenu \u00e0 quelque usage, application ou fin que ce soit.<\/p>\n\n\n\n<p> Le Mus\u00e9e G. Gounaropoulos, en toutes circonstances, y compris en cas de n\u00e9gligence, n&rsquo;est pas responsable de tout type de dommage subi par le visiteur \/ utilisateur des pages, services, options et contenus du site Internet qu&rsquo;il proc\u00e8de de sa propre initiative et en connaissance des pr\u00e9sentes conditions. De plus, le Mus\u00e9e G. Gounaropoulos ne garantit pas que les pages, services, options et contenus seront fournis sans interruption, sans erreur, que les erreurs seront corrig\u00e9es ou que toutes les questions recevront une r\u00e9ponse. De m\u00eame, le Mus\u00e9e G. Gounaropoulos ne garantit pas que le site Web ou tout autre site Web associ\u00e9 ou les serveurs par lesquels le contenu est mis \u00e0 la disposition des visiteurs \/ utilisateurs sont fournis sans \u00ab virus \u00bb ou autres composants nuisibles. Le co\u00fbt des \u00e9ventuelles corrections, r\u00e9parations ou prestations est \u00e0 la charge du visiteur \/ utilisateur et en aucun cas du mus\u00e9e G. Gounaropoulos. <\/p>\n\n\n\n<h3 class=\"wp-block-heading\"><strong>Utilisation de liens sur des sites Web tiers<\/strong><\/h3>\n\n\n\n<p>Le site Web offre la possibilit\u00e9 d&rsquo;acc\u00e9der \u00e0 des sites Web tiers via des liens appropri\u00e9s. Les liens externes renvoient \u00e0 des sources ind\u00e9pendantes de la volont\u00e9 de l&rsquo;administrateur. Ces liens ont \u00e9t\u00e9 plac\u00e9s uniquement pour faciliter les visiteurs \/ utilisateurs du site Web, tandis que les sites Web auxquels ils renvoient sont soumis aux conditions d&rsquo;utilisation respectives de ces sites Web. Le placement des liens ne constitue pas une indication de l&rsquo;approbation ou de l&rsquo;acceptation du contenu des sites Web respectifs par l&rsquo;administrateur du Mus\u00e9e G. Gounaropoulos, qui n&rsquo;assume aucune responsabilit\u00e9 pour leur contenu ou pour les pratiques de confidentialit\u00e9, les donn\u00e9es personnelles ou l&rsquo;exactitude des mat\u00e9riaux utilis\u00e9s affich\u00e9s sur ces sites Web. Si le visiteur \/ utilisateur du Mus\u00e9e G. Gounaropoulos d\u00e9cide d&rsquo;utiliser, \u00e0 travers ses liens, l&rsquo;un des sites Internet tiers, il accepte de le faire \u00e0 ses risques et p\u00e9rils.<\/p>\n\n\n\n<h3 class=\"wp-block-heading\"><strong>Loi applicable et autres conditions<\/strong><\/h3>\n\n\n\n<p>Les termes et conditions d&rsquo;utilisation du site Web ci-dessus, ainsi que toute modification ou changement sont r\u00e9gis par le droit national, le droit europ\u00e9en et les trait\u00e9s internationaux pertinents. Toute disposition des conditions ci-dessus est jug\u00e9e contraire au cadre juridique ci-dessus ou devient invalide, cesse automatiquement d&rsquo;\u00eatre valide et est supprim\u00e9e d&rsquo;ici, sans pr\u00e9judice de la validit\u00e9 des autres conditions. Ceci constitue l&rsquo;int\u00e9gralit\u00e9 de l&rsquo;accord entre l&rsquo;administrateur du site et le visiteur \/ utilisateur de ses pages et services et n&rsquo;engage que ceux-ci. Aucune modification de ces termes ne sera consid\u00e9r\u00e9e et ne fera pas partie de cet accord \u00e0 moins qu&rsquo;il n&rsquo;ait \u00e9t\u00e9 formul\u00e9 par \u00e9crit et incorpor\u00e9 dans celui-ci.<\/p>\n\n\n\n<p> Il est express\u00e9ment convenu par la pr\u00e9sente que tout litige d\u00e9coulant de l&rsquo;application de ces conditions et de l&rsquo;utilisation g\u00e9n\u00e9rale du site Web par le visiteur ou son utilisateur, s&rsquo;il n&rsquo;est pas r\u00e9solu \u00e0 l&rsquo;amiable, est r\u00e9gi par le droit grec et rel\u00e8ve de la comp\u00e9tence des tribunaux d&rsquo;Ath\u00e8nes. <\/p>\n\n\n\n<p>Pour toute communication avec l&rsquo;administrateur du site, veuillez envoyer un e-mail \u00e0 info@gounaropoulos.gr. Aussi si vous rencontrez des probl\u00e8mes avec le contenu du site concernant des questions juridiques ou \u00e9thiques, notamment en ce qui concerne sa reproduction et l&rsquo;utilisation du droit d&rsquo;auteur, veuillez-nous en informer \u00e0 info@gounaropoulos.gr.<\/p>\n","protected":false},"excerpt":{"rendered":"<p>Informations g\u00e9n\u00e9rales L&rsquo;utilisation de ce site Web est soumise aux [&hellip;]<\/p>\n","protected":false},"author":1,"featured_media":0,"parent":0,"menu_order":102,"comment_status":"closed","ping_status":"closed","template":"","meta":{"_exactmetrics_skip_tracking":false,"_exactmetrics_sitenote_active":false,"_exactmetrics_sitenote_note":"","_exactmetrics_sitenote_category":0},"acf":[],"yoast_head":"<!-- This site is optimized with the Yoast SEO plugin v20.5 - https:\/\/yoast.com\/wordpress\/plugins\/seo\/ -->\n<title>Conditions d&#039;utilisation - G. Gounaropoulos<\/title>\n<meta name=\"robots\" content=\"index, follow, max-snippet:-1, max-image-preview:large, max-video-preview:-1\" \/>\n<link rel=\"canonical\" href=\"https:\/\/gounaropoulos.gr\/fr\/terms-of-use\/\" \/>\n<meta property=\"og:locale\" content=\"fr_FR\" \/>\n<meta property=\"og:type\" content=\"article\" \/>\n<meta property=\"og:title\" content=\"Conditions d&#039;utilisation - G. Gounaropoulos\" \/>\n<meta property=\"og:description\" content=\"Informations g\u00e9n\u00e9rales L&rsquo;utilisation de ce site Web est soumise aux [&hellip;]\" \/>\n<meta property=\"og:url\" content=\"https:\/\/gounaropoulos.gr\/fr\/terms-of-use\/\" \/>\n<meta property=\"og:site_name\" content=\"G. Gounaropoulos\" \/>\n<meta property=\"article:modified_time\" content=\"2020-10-29T12:58:58+00:00\" \/>\n<meta name=\"twitter:card\" content=\"summary_large_image\" \/>\n<meta name=\"twitter:label1\" content=\"Dur\u00e9e de lecture estim\u00e9e\" \/>\n\t<meta name=\"twitter:data1\" content=\"5 minutes\" \/>\n<script type=\"application\/ld+json\" class=\"yoast-schema-graph\">{\"@context\":\"https:\/\/schema.org\",\"@graph\":[{\"@type\":\"WebPage\",\"@id\":\"https:\/\/gounaropoulos.gr\/fr\/terms-of-use\/\",\"url\":\"https:\/\/gounaropoulos.gr\/fr\/terms-of-use\/\",\"name\":\"Conditions d'utilisation - G. Gounaropoulos\",\"isPartOf\":{\"@id\":\"https:\/\/gounaropoulos.gr\/#website\"},\"datePublished\":\"2019-10-15T13:33:45+00:00\",\"dateModified\":\"2020-10-29T12:58:58+00:00\",\"breadcrumb\":{\"@id\":\"https:\/\/gounaropoulos.gr\/fr\/terms-of-use\/#breadcrumb\"},\"inLanguage\":\"fr-FR\",\"potentialAction\":[{\"@type\":\"ReadAction\",\"target\":[\"https:\/\/gounaropoulos.gr\/fr\/terms-of-use\/\"]}]},{\"@type\":\"BreadcrumbList\",\"@id\":\"https:\/\/gounaropoulos.gr\/fr\/terms-of-use\/#breadcrumb\",\"itemListElement\":[{\"@type\":\"ListItem\",\"position\":1,\"name\":\"Home\",\"item\":\"https:\/\/gounaropoulos.gr\/fr\/\"},{\"@type\":\"ListItem\",\"position\":2,\"name\":\"Conditions d&rsquo;utilisation\"}]},{\"@type\":\"WebSite\",\"@id\":\"https:\/\/gounaropoulos.gr\/#website\",\"url\":\"https:\/\/gounaropoulos.gr\/\",\"name\":\"G. Gounaropoulos\",\"description\":\"Museum\",\"publisher\":{\"@id\":\"https:\/\/gounaropoulos.gr\/#organization\"},\"potentialAction\":[{\"@type\":\"SearchAction\",\"target\":{\"@type\":\"EntryPoint\",\"urlTemplate\":\"https:\/\/gounaropoulos.gr\/?s={search_term_string}\"},\"query-input\":\"required name=search_term_string\"}],\"inLanguage\":\"fr-FR\"},{\"@type\":\"Organization\",\"@id\":\"https:\/\/gounaropoulos.gr\/#organization\",\"name\":\"G. Gounaropoulos Museum\",\"url\":\"https:\/\/gounaropoulos.gr\/\",\"logo\":{\"@type\":\"ImageObject\",\"inLanguage\":\"fr-FR\",\"@id\":\"https:\/\/gounaropoulos.gr\/#\/schema\/logo\/image\/\",\"url\":\"https:\/\/gounaropoulos.gr\/wp-content\/uploads\/logo_gounaropoulos_400w.png\",\"contentUrl\":\"https:\/\/gounaropoulos.gr\/wp-content\/uploads\/logo_gounaropoulos_400w.png\",\"width\":400,\"height\":94,\"caption\":\"G. Gounaropoulos Museum\"},\"image\":{\"@id\":\"https:\/\/gounaropoulos.gr\/#\/schema\/logo\/image\/\"},\"sameAs\":[\"https:\/\/www.youtube.com\/channel\/UCPgvZz8yARvspE5YtntmpYw\"]}]}<\/script>\n<!-- \/ Yoast SEO plugin. -->","yoast_head_json":{"title":"Conditions d'utilisation - G. Gounaropoulos","robots":{"index":"index","follow":"follow","max-snippet":"max-snippet:-1","max-image-preview":"max-image-preview:large","max-video-preview":"max-video-preview:-1"},"canonical":"https:\/\/gounaropoulos.gr\/fr\/terms-of-use\/","og_locale":"fr_FR","og_type":"article","og_title":"Conditions d'utilisation - G. Gounaropoulos","og_description":"Informations g\u00e9n\u00e9rales L&rsquo;utilisation de ce site Web est soumise aux [&hellip;]","og_url":"https:\/\/gounaropoulos.gr\/fr\/terms-of-use\/","og_site_name":"G. Gounaropoulos","article_modified_time":"2020-10-29T12:58:58+00:00","twitter_card":"summary_large_image","twitter_misc":{"Dur\u00e9e de lecture estim\u00e9e":"5 minutes"},"schema":{"@context":"https:\/\/schema.org","@graph":[{"@type":"WebPage","@id":"https:\/\/gounaropoulos.gr\/fr\/terms-of-use\/","url":"https:\/\/gounaropoulos.gr\/fr\/terms-of-use\/","name":"Conditions d'utilisation - G. Gounaropoulos","isPartOf":{"@id":"https:\/\/gounaropoulos.gr\/#website"},"datePublished":"2019-10-15T13:33:45+00:00","dateModified":"2020-10-29T12:58:58+00:00","breadcrumb":{"@id":"https:\/\/gounaropoulos.gr\/fr\/terms-of-use\/#breadcrumb"},"inLanguage":"fr-FR","potentialAction":[{"@type":"ReadAction","target":["https:\/\/gounaropoulos.gr\/fr\/terms-of-use\/"]}]},{"@type":"BreadcrumbList","@id":"https:\/\/gounaropoulos.gr\/fr\/terms-of-use\/#breadcrumb","itemListElement":[{"@type":"ListItem","position":1,"name":"Home","item":"https:\/\/gounaropoulos.gr\/fr\/"},{"@type":"ListItem","position":2,"name":"Conditions d&rsquo;utilisation"}]},{"@type":"WebSite","@id":"https:\/\/gounaropoulos.gr\/#website","url":"https:\/\/gounaropoulos.gr\/","name":"G. Gounaropoulos","description":"Museum","publisher":{"@id":"https:\/\/gounaropoulos.gr\/#organization"},"potentialAction":[{"@type":"SearchAction","target":{"@type":"EntryPoint","urlTemplate":"https:\/\/gounaropoulos.gr\/?s={search_term_string}"},"query-input":"required name=search_term_string"}],"inLanguage":"fr-FR"},{"@type":"Organization","@id":"https:\/\/gounaropoulos.gr\/#organization","name":"G. Gounaropoulos Museum","url":"https:\/\/gounaropoulos.gr\/","logo":{"@type":"ImageObject","inLanguage":"fr-FR","@id":"https:\/\/gounaropoulos.gr\/#\/schema\/logo\/image\/","url":"https:\/\/gounaropoulos.gr\/wp-content\/uploads\/logo_gounaropoulos_400w.png","contentUrl":"https:\/\/gounaropoulos.gr\/wp-content\/uploads\/logo_gounaropoulos_400w.png","width":400,"height":94,"caption":"G. Gounaropoulos Museum"},"image":{"@id":"https:\/\/gounaropoulos.gr\/#\/schema\/logo\/image\/"},"sameAs":["https:\/\/www.youtube.com\/channel\/UCPgvZz8yARvspE5YtntmpYw"]}]}},"_links":{"self":[{"href":"https:\/\/gounaropoulos.gr\/fr\/wp-json\/wp\/v2\/pages\/1812"}],"collection":[{"href":"https:\/\/gounaropoulos.gr\/fr\/wp-json\/wp\/v2\/pages"}],"about":[{"href":"https:\/\/gounaropoulos.gr\/fr\/wp-json\/wp\/v2\/types\/page"}],"author":[{"embeddable":true,"href":"https:\/\/gounaropoulos.gr\/fr\/wp-json\/wp\/v2\/users\/1"}],"replies":[{"embeddable":true,"href":"https:\/\/gounaropoulos.gr\/fr\/wp-json\/wp\/v2\/comments?post=1812"}],"version-history":[{"count":0,"href":"https:\/\/gounaropoulos.gr\/fr\/wp-json\/wp\/v2\/pages\/1812\/revisions"}],"wp:attachment":[{"href":"https:\/\/gounaropoulos.gr\/fr\/wp-json\/wp\/v2\/media?parent=1812"}],"curies":[{"name":"wp","href":"https:\/\/api.w.org\/{rel}","templated":true}]}}