{"id":1815,"date":"2019-09-29T17:08:47","date_gmt":"2019-09-29T14:08:47","guid":{"rendered":"https:\/\/gounaropoulos.gr\/?page_id=1815"},"modified":"2020-10-29T15:06:53","modified_gmt":"2020-10-29T13:06:53","slug":"privacy-policy","status":"publish","type":"page","link":"https:\/\/gounaropoulos.gr\/fr\/privacy-policy\/","title":{"rendered":"Politique de confidentialit\u00e9"},"content":{"rendered":"\n<h3 class=\"wp-block-heading\"><strong>1. Concernant le mus\u00e9e<\/strong><\/h3>\n\n\n\n<p>Bienvenue dans la politique de s\u00e9curit\u00e9 des donn\u00e9es \u00e0 caract\u00e8re personnel du mus\u00e9e G. Gounaropoulos. Le Mus\u00e9e respecte pleinement vos donn\u00e9es \u00e0 caract\u00e8re personnel, en se conformant pleinement au r\u00e8glement de l&rsquo;Union europ\u00e9enne 679\/2016 et \u00e0 la l\u00e9gislation applicable en g\u00e9n\u00e9ral. Cette politique de s\u00e9curit\u00e9 s&rsquo;applique \u00e0 la fois en ligne et dans l&rsquo;environnement naturel et vous informe sur la fa\u00e7on dont nous traitons vos donn\u00e9es \u00e0 caract\u00e8re personnel tout en fournissant des informations sur vos droits en tant que personne concern\u00e9e. Nous nous r\u00e9servons le droit d&rsquo;effectuer le traitement \u00e0 d&rsquo;autres fins, en particulier dans l&rsquo;environnement naturel, dont la l\u00e9galit\u00e9 et la s\u00e9curit\u00e9 sera assur\u00e9e \u00e0 chaque fois \u00e0 l&rsquo;avance.<\/p>\n\n\n\n<p>On est les responsables du traitement de vos donn\u00e9es \u00e0 caract\u00e8re personnel. Pour toute clarification concernant cette politique de s\u00e9curit\u00e9 ou l&rsquo;exercice de vos droits, vous pouvez nous contacter \u00e0 info@gounaropoulos.gr<\/p>\n\n\n\n<p> Nous sommes \u00e0 votre disposition et nous vous invitons \u00e0 nous contacter afin de r\u00e9pondre \u00e0 toute pr\u00e9occupation que vous pourriez avoir concernant le traitement de vos donn\u00e9es \u00e0 caract\u00e8re personnel. <\/p>\n\n\n\n<p> En cas de modification de cette politique de s\u00e9curit\u00e9, pour des raisons de conformit\u00e9 \u00e0 la loi applicable, nous vous informerons de tout moyen appropri\u00e9 et n\u00e9cessaire, et nous publierons les modifications sur notre site Internet. <\/p>\n\n\n\n<h3 class=\"wp-block-heading\"><strong>2. Cat\u00e9gories de donn\u00e9es que nous collectons<\/strong><\/h3>\n\n\n\n<p> On traite les donn\u00e9es suivantes, par cat\u00e9gorie : <\/p>\n\n\n\n<ul><li>Coordonn\u00e9es : ces donn\u00e9es \u00e0 caract\u00e8re personnel incluent l&rsquo;adresse e-mail, la ville et les num\u00e9ros de t\u00e9l\u00e9phone.<\/li><li>Donn\u00e9es techniques : comprennent l&rsquo;adresse IP (Internet Protocol), les pr\u00e9f\u00e9rences, l&rsquo;utilisation de l&rsquo;appareil mobile.<\/li><\/ul>\n\n\n\n<h3 class=\"wp-block-heading\"><strong>3. Collecte des donn\u00e9es<\/strong><\/h3>\n\n\n\n<p>Nous collectons des donn\u00e9es \u00e0 caract\u00e8re personnel vous concernant chaque fois que vous utilisez nos services (que les services soient fournis directement par nous ou par d&rsquo;autres soci\u00e9t\u00e9s ou partenaires agissant en notre nom), lorsque vous utilisez notre site Web ou lorsque vous utilisez nos centres d&rsquo;appels ou nos services dans le milieu naturel.<\/p>\n\n\n\n<h3 class=\"wp-block-heading\"><strong>4. Connexions tierces<\/strong><\/h3>\n\n\n\n<p> Si notre site comprend des liens vers des sites Web tiers et que vous activez ces liens, il est possible que de cette mani\u00e8re vous accordez \u00e0 des tiers le droit de collecter vos donn\u00e9es. Dans ce cas, nous ne contr\u00f4lons pas les sites Web tiers et ne sommes pas responsables de leurs propres politiques de s\u00e9curit\u00e9, et nous vous invitons \u00e0 en prendre connaissance avant d&rsquo;utiliser des sites Web tiers. <\/p>\n\n\n\n<h3 class=\"wp-block-heading\"><strong>5. Cookies ou autres technologies similaires<\/strong><\/h3>\n\n\n\n<p> Notre site Web utilise des technologies de \u00ab cookies \u00bb (t\u00e9moins de connexion) afin que nous puissions vous distinguer des autres visiteurs, et pour enregistrer votre adresse IP ainsi que la fa\u00e7on dont vous utilisez notre site Web. Ces informations sont utilis\u00e9es pour nous aider \u00e0 vous fournir de meilleurs services, \u00e0 am\u00e9liorer la conception de notre site Web, ainsi que nos produits, services et promotions. Un cookie\/ t\u00e9moin de connexion est un petit fichier de donn\u00e9es qui est plac\u00e9 sur le disque dur de votre ordinateur lorsque vous visitez un site Web et nous aide \u00e0 am\u00e9liorer notre site Web en identifiant les points les plus int\u00e9ressants pour les utilisateurs. Nous n&rsquo;utilisons pas de cookies Flash pour les promotions ou les publicit\u00e9s comportementales. Vous pouvez d\u00e9sactiver les cookies ou d&rsquo;autres technologies similaires \u00e0 tout moment via les options de votre navigateur, mais si vous le faites, vous risquez de ne pas avoir acc\u00e8s \u00e0 des fonctionnalit\u00e9s et des services sp\u00e9cifiques qui rendent votre exp\u00e9rience sur le site plus efficace et plus agr\u00e9able. <\/p>\n\n\n\n<h3 class=\"wp-block-heading\"><strong>6. Donn\u00e9es \u00e0 caract\u00e8re personnel des enfants<\/strong><\/h3>\n\n\n\n<p>Nous ne collectons sciemment aucune information en ligne de toute personne de moins de 15 ans. Si vous avez moins de 15 ans, n&rsquo;utilisez pas et ne fournissez pas d&rsquo;informations sur ce site, sauf avec le consentement de vos parents. Si nous constatons que nous avons collect\u00e9 ou re\u00e7u des donn\u00e9es personnelles d&rsquo;un enfant de moins de 15 ans, nous supprimerons ces informations. Si vous pensez que nous pouvons avoir des informations sur ou sur un enfant de moins de 15 ans, veuillez nous contacter.<\/p>\n\n\n\n<h3 class=\"wp-block-heading\"><strong>7. S\u00e9curit\u00e9 des donn\u00e9es \u00e0 caract\u00e8re personnel<\/strong><\/h3>\n\n\n\n<p>Nous avons mis en place des mesures de protection organisationnelles et technologiques appropri\u00e9es afin d&#8217;emp\u00eacher la perte, l&rsquo;alt\u00e9ration, la divulgation et l&rsquo;utilisation ou l&rsquo;acc\u00e8s involontaires de vos donn\u00e9es \u00e0 caract\u00e8re personnel de mani\u00e8re non autoris\u00e9e. En outre, nous limitons l&rsquo;acc\u00e8s \u00e0 vos donn\u00e9es \u00e0 caract\u00e8re personnel uniquement aux employ\u00e9s qui doivent en avoir connaissance pour s&rsquo;acquitter de leurs t\u00e2ches professionnelles, qui traitent vos donn\u00e9es uniquement conform\u00e9ment \u00e0 nos directives et sont li\u00e9s par les conditions de confidentialit\u00e9 pertinentes. Nous avons mis en place des proc\u00e9dures pour traiter toute \u00e9ventuelle violation de donn\u00e9es \u00e0 caract\u00e8re personnel et nous vous informerons ainsi que toute autorit\u00e9 comp\u00e9tente de toute violation lorsque la loi l&rsquo;exige.<\/p>\n\n\n\n<h3 class=\"wp-block-heading\"><strong>8. Conservation de vos donn\u00e9es \u00e0 caract\u00e8re personnel<\/strong><\/h3>\n\n\n\n<p> Nous conservons vos donn\u00e9es \u00e0 caract\u00e8re personnel uniquement dans la mesure n\u00e9cessaire pour atteindre l&rsquo;objectif pour lequel nous les avons collect\u00e9es, y compris le respect de toute obligation l\u00e9gale, ainsi que pour des raisons d&rsquo;archivage dans l&rsquo;int\u00e9r\u00eat public. Dans certains cas, vous avez le droit de nous demander de supprimer vos donn\u00e9es \u00e0 caract\u00e8re personnel (pour plus d&rsquo;informations voir le paragraphe suivant sur la demande de suppression). <\/p>\n\n\n\n<h3 class=\"wp-block-heading\"><strong>9. Vos droits<\/strong><\/h3>\n\n\n\n<p> Vous avez le droit de : <\/p>\n\n\n\n<ol><li>Demander l&rsquo;acc\u00e8s \u00e0 vos donn\u00e9es \u00e0 caract\u00e8re personnel. Cela vous permet d&rsquo;obtenir une copie des donn\u00e9es \u00e0 caract\u00e8re personnel que nous d\u00e9tenons \u00e0 votre sujet et de confirmer que nous les traitons conform\u00e9ment \u00e0 la loi.<\/li><li>Demander une correction des donn\u00e9es \u00e0 caract\u00e8re personnel que nous d\u00e9tenons \u00e0 votre sujet. Cela vous permet de corriger les donn\u00e9es incompl\u00e8tes ou inexactes que nous d\u00e9tenons \u00e0 votre sujet.<\/li><li>Demander la suppression de vos donn\u00e9es \u00e0 caract\u00e8re personnel. Cela vous permet de nous demander de supprimer tout ou partie de vos donn\u00e9es \u00e0 caract\u00e8re personnel lorsqu&rsquo;il n&rsquo;y a plus aucun motif valable pour nous de continuer \u00e0 les traiter.<\/li><li>Vous opposer au traitement de vos donn\u00e9es \u00e0 caract\u00e8re personnel lorsque vous avez des raisons de vouloir vous opposer au traitement, car vous estimez qu&rsquo;il affecte vos droits et libert\u00e9s fondamentaux.<\/li><li>Demander une limitation du traitement de vos donn\u00e9es \u00e0 caract\u00e8re personnel. Cela vous permet de nous demander de suspendre le traitement de vos donn\u00e9es \u00e0 caract\u00e8re personnel dans les cas suivants : a) si vous souhaitez que nous confirmions l&rsquo;exactitude de vos donn\u00e9es, b) lorsque l\u2019utilisation de vos donn\u00e9es \u00e0 caract\u00e8re personnel est indue, pourtant vous ne souhaitez pas qu\u2019elles soient supprim\u00e9es, c) lorsque vous souhaitez que nous conservions vos donn\u00e9es m\u00eame si nous ne les demandons pas, au cas o\u00f9 cela vous serait n\u00e9cessaire pour valider, exercer ou d\u00e9fendre des r\u00e9clamations l\u00e9gales, o\u00f9 d) vous vous \u00eates oppos\u00e9 \u00e0 notre utilisation de vos donn\u00e9es, mais vous devez confirmer si nous avons des raisons juridiques imp\u00e9rieuses de le faire.<\/li><li>Demander le transfert de vos donn\u00e9es personnelles \u00e0 vous ou \u00e0 un tiers. Nous vous fournirons, ou \u00e0 tout tiers que vous indiquez, vos donn\u00e9es personnelles dans un format structur\u00e9 lisible (ce droit ne s&rsquo;applique qu&rsquo;aux informations automatis\u00e9es pour le traitement desquelles vous avez donn\u00e9 votre consentement, ou le traitement est effectu\u00e9 en raison d&rsquo;un contrat entre nous).<\/li><li>R\u00e9voquer votre consentement \u00e0 tout moment et sans d\u00e9lai, sans pr\u00e9judice de la l\u00e9galit\u00e9 du traitement fond\u00e9 sur le consentement avant sa r\u00e9vocation. Si vous retirez votre consentement, nous ne serons peut-\u00eatre pas en mesure de vous fournir des produits ou services sp\u00e9cifiques. Nous vous informerons dans un tel cas lors du retrait de votre consentement.<\/li><li>Contacter l&rsquo;Autorit\u00e9 de protection des donn\u00e9es personnelles pour les probl\u00e8mes li\u00e9s au traitement de vos donn\u00e9es personnelles. Pour conna\u00eetre la comp\u00e9tence de l&rsquo;Autorit\u00e9 et la mani\u00e8re de d\u00e9poser une plainte, vous pouvez visiter le site Web www.dpa.gr, o\u00f9 il y a des informations d\u00e9taill\u00e9es. <\/li><\/ol>\n\n\n\n<p> Si vous souhaitez exercer l&rsquo;un des droits d\u00e9crits ci-dessus, veuillez nous contacter afin de vous assister. <\/p>\n","protected":false},"excerpt":{"rendered":"<p>1. Concernant le mus\u00e9e Bienvenue dans la politique de s\u00e9curit\u00e9 [&hellip;]<\/p>\n","protected":false},"author":1,"featured_media":0,"parent":0,"menu_order":101,"comment_status":"closed","ping_status":"closed","template":"","meta":{"_exactmetrics_skip_tracking":false,"_exactmetrics_sitenote_active":false,"_exactmetrics_sitenote_note":"","_exactmetrics_sitenote_category":0},"acf":[],"yoast_head":"<!-- This site is optimized with the Yoast SEO plugin v20.5 - https:\/\/yoast.com\/wordpress\/plugins\/seo\/ -->\n<title>Politique de confidentialit\u00e9 - G. Gounaropoulos<\/title>\n<meta name=\"robots\" content=\"index, follow, max-snippet:-1, max-image-preview:large, max-video-preview:-1\" \/>\n<link rel=\"canonical\" href=\"https:\/\/gounaropoulos.gr\/fr\/privacy-policy\/\" \/>\n<meta property=\"og:locale\" content=\"fr_FR\" \/>\n<meta property=\"og:type\" content=\"article\" \/>\n<meta property=\"og:title\" content=\"Politique de confidentialit\u00e9 - G. Gounaropoulos\" \/>\n<meta property=\"og:description\" content=\"1. Concernant le mus\u00e9e Bienvenue dans la politique de s\u00e9curit\u00e9 [&hellip;]\" \/>\n<meta property=\"og:url\" content=\"https:\/\/gounaropoulos.gr\/fr\/privacy-policy\/\" \/>\n<meta property=\"og:site_name\" content=\"G. Gounaropoulos\" \/>\n<meta property=\"article:modified_time\" content=\"2020-10-29T13:06:53+00:00\" \/>\n<meta name=\"twitter:card\" content=\"summary_large_image\" \/>\n<meta name=\"twitter:label1\" content=\"Dur\u00e9e de lecture estim\u00e9e\" \/>\n\t<meta name=\"twitter:data1\" content=\"7 minutes\" \/>\n<script type=\"application\/ld+json\" class=\"yoast-schema-graph\">{\"@context\":\"https:\/\/schema.org\",\"@graph\":[{\"@type\":\"WebPage\",\"@id\":\"https:\/\/gounaropoulos.gr\/fr\/privacy-policy\/\",\"url\":\"https:\/\/gounaropoulos.gr\/fr\/privacy-policy\/\",\"name\":\"Politique de confidentialit\u00e9 - G. Gounaropoulos\",\"isPartOf\":{\"@id\":\"https:\/\/gounaropoulos.gr\/#website\"},\"datePublished\":\"2019-09-29T14:08:47+00:00\",\"dateModified\":\"2020-10-29T13:06:53+00:00\",\"breadcrumb\":{\"@id\":\"https:\/\/gounaropoulos.gr\/fr\/privacy-policy\/#breadcrumb\"},\"inLanguage\":\"fr-FR\",\"potentialAction\":[{\"@type\":\"ReadAction\",\"target\":[\"https:\/\/gounaropoulos.gr\/fr\/privacy-policy\/\"]}]},{\"@type\":\"BreadcrumbList\",\"@id\":\"https:\/\/gounaropoulos.gr\/fr\/privacy-policy\/#breadcrumb\",\"itemListElement\":[{\"@type\":\"ListItem\",\"position\":1,\"name\":\"Home\",\"item\":\"https:\/\/gounaropoulos.gr\/fr\/\"},{\"@type\":\"ListItem\",\"position\":2,\"name\":\"Politique de confidentialit\u00e9\"}]},{\"@type\":\"WebSite\",\"@id\":\"https:\/\/gounaropoulos.gr\/#website\",\"url\":\"https:\/\/gounaropoulos.gr\/\",\"name\":\"G. Gounaropoulos\",\"description\":\"Museum\",\"publisher\":{\"@id\":\"https:\/\/gounaropoulos.gr\/#organization\"},\"potentialAction\":[{\"@type\":\"SearchAction\",\"target\":{\"@type\":\"EntryPoint\",\"urlTemplate\":\"https:\/\/gounaropoulos.gr\/?s={search_term_string}\"},\"query-input\":\"required name=search_term_string\"}],\"inLanguage\":\"fr-FR\"},{\"@type\":\"Organization\",\"@id\":\"https:\/\/gounaropoulos.gr\/#organization\",\"name\":\"G. Gounaropoulos Museum\",\"url\":\"https:\/\/gounaropoulos.gr\/\",\"logo\":{\"@type\":\"ImageObject\",\"inLanguage\":\"fr-FR\",\"@id\":\"https:\/\/gounaropoulos.gr\/#\/schema\/logo\/image\/\",\"url\":\"https:\/\/gounaropoulos.gr\/wp-content\/uploads\/logo_gounaropoulos_400w.png\",\"contentUrl\":\"https:\/\/gounaropoulos.gr\/wp-content\/uploads\/logo_gounaropoulos_400w.png\",\"width\":400,\"height\":94,\"caption\":\"G. Gounaropoulos Museum\"},\"image\":{\"@id\":\"https:\/\/gounaropoulos.gr\/#\/schema\/logo\/image\/\"},\"sameAs\":[\"https:\/\/www.youtube.com\/channel\/UCPgvZz8yARvspE5YtntmpYw\"]}]}<\/script>\n<!-- \/ Yoast SEO plugin. -->","yoast_head_json":{"title":"Politique de confidentialit\u00e9 - G. Gounaropoulos","robots":{"index":"index","follow":"follow","max-snippet":"max-snippet:-1","max-image-preview":"max-image-preview:large","max-video-preview":"max-video-preview:-1"},"canonical":"https:\/\/gounaropoulos.gr\/fr\/privacy-policy\/","og_locale":"fr_FR","og_type":"article","og_title":"Politique de confidentialit\u00e9 - G. Gounaropoulos","og_description":"1. Concernant le mus\u00e9e Bienvenue dans la politique de s\u00e9curit\u00e9 [&hellip;]","og_url":"https:\/\/gounaropoulos.gr\/fr\/privacy-policy\/","og_site_name":"G. Gounaropoulos","article_modified_time":"2020-10-29T13:06:53+00:00","twitter_card":"summary_large_image","twitter_misc":{"Dur\u00e9e de lecture estim\u00e9e":"7 minutes"},"schema":{"@context":"https:\/\/schema.org","@graph":[{"@type":"WebPage","@id":"https:\/\/gounaropoulos.gr\/fr\/privacy-policy\/","url":"https:\/\/gounaropoulos.gr\/fr\/privacy-policy\/","name":"Politique de confidentialit\u00e9 - G. Gounaropoulos","isPartOf":{"@id":"https:\/\/gounaropoulos.gr\/#website"},"datePublished":"2019-09-29T14:08:47+00:00","dateModified":"2020-10-29T13:06:53+00:00","breadcrumb":{"@id":"https:\/\/gounaropoulos.gr\/fr\/privacy-policy\/#breadcrumb"},"inLanguage":"fr-FR","potentialAction":[{"@type":"ReadAction","target":["https:\/\/gounaropoulos.gr\/fr\/privacy-policy\/"]}]},{"@type":"BreadcrumbList","@id":"https:\/\/gounaropoulos.gr\/fr\/privacy-policy\/#breadcrumb","itemListElement":[{"@type":"ListItem","position":1,"name":"Home","item":"https:\/\/gounaropoulos.gr\/fr\/"},{"@type":"ListItem","position":2,"name":"Politique de confidentialit\u00e9"}]},{"@type":"WebSite","@id":"https:\/\/gounaropoulos.gr\/#website","url":"https:\/\/gounaropoulos.gr\/","name":"G. Gounaropoulos","description":"Museum","publisher":{"@id":"https:\/\/gounaropoulos.gr\/#organization"},"potentialAction":[{"@type":"SearchAction","target":{"@type":"EntryPoint","urlTemplate":"https:\/\/gounaropoulos.gr\/?s={search_term_string}"},"query-input":"required name=search_term_string"}],"inLanguage":"fr-FR"},{"@type":"Organization","@id":"https:\/\/gounaropoulos.gr\/#organization","name":"G. Gounaropoulos Museum","url":"https:\/\/gounaropoulos.gr\/","logo":{"@type":"ImageObject","inLanguage":"fr-FR","@id":"https:\/\/gounaropoulos.gr\/#\/schema\/logo\/image\/","url":"https:\/\/gounaropoulos.gr\/wp-content\/uploads\/logo_gounaropoulos_400w.png","contentUrl":"https:\/\/gounaropoulos.gr\/wp-content\/uploads\/logo_gounaropoulos_400w.png","width":400,"height":94,"caption":"G. Gounaropoulos Museum"},"image":{"@id":"https:\/\/gounaropoulos.gr\/#\/schema\/logo\/image\/"},"sameAs":["https:\/\/www.youtube.com\/channel\/UCPgvZz8yARvspE5YtntmpYw"]}]}},"_links":{"self":[{"href":"https:\/\/gounaropoulos.gr\/fr\/wp-json\/wp\/v2\/pages\/1815"}],"collection":[{"href":"https:\/\/gounaropoulos.gr\/fr\/wp-json\/wp\/v2\/pages"}],"about":[{"href":"https:\/\/gounaropoulos.gr\/fr\/wp-json\/wp\/v2\/types\/page"}],"author":[{"embeddable":true,"href":"https:\/\/gounaropoulos.gr\/fr\/wp-json\/wp\/v2\/users\/1"}],"replies":[{"embeddable":true,"href":"https:\/\/gounaropoulos.gr\/fr\/wp-json\/wp\/v2\/comments?post=1815"}],"version-history":[{"count":0,"href":"https:\/\/gounaropoulos.gr\/fr\/wp-json\/wp\/v2\/pages\/1815\/revisions"}],"wp:attachment":[{"href":"https:\/\/gounaropoulos.gr\/fr\/wp-json\/wp\/v2\/media?parent=1815"}],"curies":[{"name":"wp","href":"https:\/\/api.w.org\/{rel}","templated":true}]}}