{"id":1817,"date":"2019-09-30T22:58:42","date_gmt":"2019-09-30T19:58:42","guid":{"rendered":"https:\/\/gounaropoulos.gr\/?page_id=1817"},"modified":"2022-01-15T15:04:10","modified_gmt":"2022-01-15T13:04:10","slug":"educational-programs","status":"publish","type":"page","link":"https:\/\/gounaropoulos.gr\/fr\/museum\/educational-programs\/","title":{"rendered":"Programmes \u00e9ducatifs"},"content":{"rendered":"\n<p>Le mus\u00e9e propose des programmes \u00e9ducatifs avec des activit\u00e9s sp\u00e9cialement con\u00e7ues pour tous les niveaux d&rsquo;enseignement et pour tous les \u00e2ges:<br>&#8211; Narration interactive sous forme de contes de f\u00e9es, inspir\u00e9e des peintures de Gounaropoulos, pour les enfants de 4 \u00e0 7 ans.<br>&#8211; Visite du mus\u00e9e et activit\u00e9 artistique bas\u00e9e sur les peintures de la collection permanente, programme sp\u00e9cialement con\u00e7u pour les enfants de 8 \u00e0 12 ans.<br>&#8211; Visite interdisciplinaire, sp\u00e9cialement con\u00e7ue pour des coll\u00e9giens et  des lyc\u00e9ens. Gounaropoulos est pr\u00e9sent\u00e9 en relation avec le contexte  artistique et historique de son temps et la c\u00e9l\u00e8bre g\u00e9n\u00e9ration des  ann\u00e9es 30.<br>&#8211; \u00c9ducation mus\u00e9ale pour les enfants de 5 \u00e0 8 ans.<br>&#8211; Projections vid\u00e9o sur la vie et l&rsquo;\u0153uvre de Gounaropoulos.<br>&#8211; Des conf\u00e9rences d&rsquo;histoire de l&rsquo;art ouvertes au public de tous \u00e2ges.<br>&#8211; Des activit\u00e9s p\u00e9dagogiques qui encadrent des expositions temporaires.       <\/p>\n\n\n\n<p>La participation \u00e0 tous les programmes ci-dessus est gratuite.  <\/p>\n\n\n\n<p><\/p>\n\n\n\n<p><\/p>\n\n\n\n<p><\/p>\n\n\n\n<p><\/p>\n\n\n\n<p><\/p>\n\n\n\n<p><\/p>\n\n\n\n<p><\/p>\n\n\n\n<p><\/p>\n\n\n\n<p> <\/p>\n\n\n\n<hr class=\"wp-block-separator\"\/>\n\n\n\n<p> <\/p>\n\n\n\n<p class=\"has-medium-font-size\"><strong>Film d&rsquo;animation<\/strong><\/p>\n\n\n\n<h3 class=\"wp-block-heading\" style=\"font-size:30px\"> \u00ab\u00a0Le Poisson de Gounaro\u00a0\u00bb <\/h3>\n\n\n\n<p><\/p>\n\n\n\n<p>La Compagnie Fly Theatre pr\u00e9sente un voyage fantasmagorique dans la peinture magique de Georges Gounaropoulos (Gounaro) et une introduction \u00e0 l\u2019\u0153uvre de l\u2019artiste destin\u00e9e aux petits enfants de 4 ans+. D\u2019un esprit dr\u00f4le et enjou\u00e9, notre h\u00e9ros, le poisson, r\u00e9ussit \u00e0 s\u2019\u00e9chapper du tableau c\u00e9l\u00e8bre <em>Femme au poisson<\/em>, et nous conduit aux paysages oniriques ainsi que r\u00e9els provenant de la m\u00e9moire du peintre.&nbsp; <\/p>\n\n\n\n<p>Les \u0153uvres de l\u2019artiste pr\u00e9sent\u00e9es au film d\u2019animation appartiennent \u00e0 la collection du Mus\u00e9e<br>G. Gounaropoulos. La peinture murale de la vue d\u2019Ath\u00e8nes se trouve \u00e0 l\u2019H\u00f4tel de Ville d\u2019Ath\u00e8nes.<\/p>\n\n\n\n<figure class=\"wp-block-embed is-type-video is-provider-youtube wp-block-embed-youtube wp-embed-aspect-16-9 wp-has-aspect-ratio\"><div class=\"wp-block-embed__wrapper\">\n<iframe loading=\"lazy\" title=\"Le poisson de Gounaro, FR\" width=\"500\" height=\"281\" src=\"https:\/\/www.youtube.com\/embed\/yBGHei4k7pg?feature=oembed\" frameborder=\"0\" allow=\"accelerometer; autoplay; clipboard-write; encrypted-media; gyroscope; picture-in-picture\" allowfullscreen><\/iframe>\n<\/div><\/figure>\n\n\n\n<p class=\"has-text-align-center\"><\/p>\n\n\n\n<p><\/p>\n\n\n\n<p><strong>CONTRIBUTEURS:<\/strong><br>Id\u00e9e &amp; Texte: Katerina Damvoglou &amp; Robin Beer (Fly Theatre)<br>Film d\u2019animation: Robin Beer<br>Musique: Robin Beer<br>Voix: Katerina Damvoglou<br>Commissaires du projet: Manolis  Karterakis, Dionissia Giakoumi, Zoi Charalampidou<br>(Mus\u00e9e G. Gounaropoulos)<br><em>Remerciements \u00e0 la Pr\u00e9sidente adjointe du \u039cus\u00e9e Maria Gounaropoulou pour sa contribution<\/em><br>Assistance de Production:<br>Natalia Pavlatou (Mus\u00e9e G. Gounaropoulos)<br>Anastassia Tamouridou &#8211; ARTos &amp; Theama (pour Fly Theatre) <\/p>\n\n\n\n<hr class=\"wp-block-separator\"\/>\n\n\n\n<p> <\/p>\n\n\n\n<p class=\"has-medium-font-size\"> <strong>Film d&rsquo;animation<\/strong><\/p>\n\n\n\n<p style=\"font-size:30px\">\u00ab\u00a0Imagine Gounaro\u00a0\u00bb<\/p>\n\n\n\n<p>Le film d\u2019animation, inspir\u00e9 du style artistique particulier du peintre Georges Gounaropoulos, cr\u00e9e un monde illustr\u00e9 de moments caract\u00e9ristiques de la vie et de l\u2019\u0153uvre de l\u2019artiste. Parmi une narration de couleurs, de seuls traits, de symboles visuels et de r\u00e9f\u00e9rences historiques, le film anim\u00e9 trace le monde onirique du peintre en se balan\u00e7ant entre le r\u00e9el et l\u2019imaginaire.<\/p>\n\n\n\n<figure class=\"wp-block-embed is-type-video is-provider-youtube wp-block-embed-youtube wp-embed-aspect-16-9 wp-has-aspect-ratio\"><div class=\"wp-block-embed__wrapper\">\n<iframe loading=\"lazy\" title=\"Imagine Gounaro\" width=\"500\" height=\"281\" src=\"https:\/\/www.youtube.com\/embed\/2rJRPTFYpis?feature=oembed\" frameborder=\"0\" allow=\"accelerometer; autoplay; clipboard-write; encrypted-media; gyroscope; picture-in-picture\" allowfullscreen><\/iframe>\n<\/div><\/figure>\n\n\n\n<p><strong>CONTRIBUTEURS:<\/strong><br>Film d\u2019animation: Babis Alexiadis<br>Illustration: Konstantina Kyratzidou<br>Musique: <em>String\u2019s Edge<\/em><br>Commissaires du projet de la part du Mus\u00e9e G. Gounaropoulos:<br>Zoi Charalampidou, mus\u00e9ologue<br>Dionissia Giakoumi, Dr en Histoire de l\u2019art-conservatrice<br>Manolis Karterakis, historien de l\u2019art-conservateur<br>Natalia Pavlatou, services financiers\/administratifs<br><em>Remerciements \u00e0 la Pr\u00e9sidente adjointe du \u039cus\u00e9e Maria Gounaropoulou pour sa contribution<\/em><\/p>\n\n\n\n<p><br><br><\/p>\n","protected":false},"excerpt":{"rendered":"<p>Le mus\u00e9e propose des programmes \u00e9ducatifs avec des activit\u00e9s sp\u00e9cialement [&hellip;]<\/p>\n","protected":false},"author":1,"featured_media":0,"parent":1819,"menu_order":2,"comment_status":"closed","ping_status":"closed","template":"page-templates\/template--educational.php","meta":{"_exactmetrics_skip_tracking":false,"_exactmetrics_sitenote_active":false,"_exactmetrics_sitenote_note":"","_exactmetrics_sitenote_category":0},"acf":[],"yoast_head":"<!-- This site is optimized with the Yoast SEO plugin v20.5 - https:\/\/yoast.com\/wordpress\/plugins\/seo\/ -->\n<title>Programmes \u00e9ducatifs - G. Gounaropoulos<\/title>\n<meta name=\"robots\" content=\"index, follow, max-snippet:-1, max-image-preview:large, max-video-preview:-1\" \/>\n<link rel=\"canonical\" href=\"https:\/\/gounaropoulos.gr\/fr\/museum\/educational-programs\/\" \/>\n<meta property=\"og:locale\" content=\"fr_FR\" \/>\n<meta property=\"og:type\" content=\"article\" \/>\n<meta property=\"og:title\" content=\"Programmes \u00e9ducatifs - G. Gounaropoulos\" \/>\n<meta property=\"og:description\" content=\"Le mus\u00e9e propose des programmes \u00e9ducatifs avec des activit\u00e9s sp\u00e9cialement [&hellip;]\" \/>\n<meta property=\"og:url\" content=\"https:\/\/gounaropoulos.gr\/fr\/museum\/educational-programs\/\" \/>\n<meta property=\"og:site_name\" content=\"G. Gounaropoulos\" \/>\n<meta property=\"article:modified_time\" content=\"2022-01-15T13:04:10+00:00\" \/>\n<meta name=\"twitter:card\" content=\"summary_large_image\" \/>\n<meta name=\"twitter:label1\" content=\"Dur\u00e9e de lecture estim\u00e9e\" \/>\n\t<meta name=\"twitter:data1\" content=\"2 minutes\" \/>\n<script type=\"application\/ld+json\" class=\"yoast-schema-graph\">{\"@context\":\"https:\/\/schema.org\",\"@graph\":[{\"@type\":\"WebPage\",\"@id\":\"https:\/\/gounaropoulos.gr\/fr\/museum\/educational-programs\/\",\"url\":\"https:\/\/gounaropoulos.gr\/fr\/museum\/educational-programs\/\",\"name\":\"Programmes \u00e9ducatifs - G. Gounaropoulos\",\"isPartOf\":{\"@id\":\"https:\/\/gounaropoulos.gr\/#website\"},\"datePublished\":\"2019-09-30T19:58:42+00:00\",\"dateModified\":\"2022-01-15T13:04:10+00:00\",\"breadcrumb\":{\"@id\":\"https:\/\/gounaropoulos.gr\/fr\/museum\/educational-programs\/#breadcrumb\"},\"inLanguage\":\"fr-FR\",\"potentialAction\":[{\"@type\":\"ReadAction\",\"target\":[\"https:\/\/gounaropoulos.gr\/fr\/museum\/educational-programs\/\"]}]},{\"@type\":\"BreadcrumbList\",\"@id\":\"https:\/\/gounaropoulos.gr\/fr\/museum\/educational-programs\/#breadcrumb\",\"itemListElement\":[{\"@type\":\"ListItem\",\"position\":1,\"name\":\"Home\",\"item\":\"https:\/\/gounaropoulos.gr\/fr\/\"},{\"@type\":\"ListItem\",\"position\":2,\"name\":\"Le Mus\u00e9e\",\"item\":\"https:\/\/gounaropoulos.gr\/fr\/museum\/\"},{\"@type\":\"ListItem\",\"position\":3,\"name\":\"Programmes \u00e9ducatifs\"}]},{\"@type\":\"WebSite\",\"@id\":\"https:\/\/gounaropoulos.gr\/#website\",\"url\":\"https:\/\/gounaropoulos.gr\/\",\"name\":\"G. Gounaropoulos\",\"description\":\"Museum\",\"publisher\":{\"@id\":\"https:\/\/gounaropoulos.gr\/#organization\"},\"potentialAction\":[{\"@type\":\"SearchAction\",\"target\":{\"@type\":\"EntryPoint\",\"urlTemplate\":\"https:\/\/gounaropoulos.gr\/?s={search_term_string}\"},\"query-input\":\"required name=search_term_string\"}],\"inLanguage\":\"fr-FR\"},{\"@type\":\"Organization\",\"@id\":\"https:\/\/gounaropoulos.gr\/#organization\",\"name\":\"G. Gounaropoulos Museum\",\"url\":\"https:\/\/gounaropoulos.gr\/\",\"logo\":{\"@type\":\"ImageObject\",\"inLanguage\":\"fr-FR\",\"@id\":\"https:\/\/gounaropoulos.gr\/#\/schema\/logo\/image\/\",\"url\":\"https:\/\/gounaropoulos.gr\/wp-content\/uploads\/logo_gounaropoulos_400w.png\",\"contentUrl\":\"https:\/\/gounaropoulos.gr\/wp-content\/uploads\/logo_gounaropoulos_400w.png\",\"width\":400,\"height\":94,\"caption\":\"G. Gounaropoulos Museum\"},\"image\":{\"@id\":\"https:\/\/gounaropoulos.gr\/#\/schema\/logo\/image\/\"},\"sameAs\":[\"https:\/\/www.youtube.com\/channel\/UCPgvZz8yARvspE5YtntmpYw\"]}]}<\/script>\n<!-- \/ Yoast SEO plugin. -->","yoast_head_json":{"title":"Programmes \u00e9ducatifs - G. Gounaropoulos","robots":{"index":"index","follow":"follow","max-snippet":"max-snippet:-1","max-image-preview":"max-image-preview:large","max-video-preview":"max-video-preview:-1"},"canonical":"https:\/\/gounaropoulos.gr\/fr\/museum\/educational-programs\/","og_locale":"fr_FR","og_type":"article","og_title":"Programmes \u00e9ducatifs - G. Gounaropoulos","og_description":"Le mus\u00e9e propose des programmes \u00e9ducatifs avec des activit\u00e9s sp\u00e9cialement [&hellip;]","og_url":"https:\/\/gounaropoulos.gr\/fr\/museum\/educational-programs\/","og_site_name":"G. Gounaropoulos","article_modified_time":"2022-01-15T13:04:10+00:00","twitter_card":"summary_large_image","twitter_misc":{"Dur\u00e9e de lecture estim\u00e9e":"2 minutes"},"schema":{"@context":"https:\/\/schema.org","@graph":[{"@type":"WebPage","@id":"https:\/\/gounaropoulos.gr\/fr\/museum\/educational-programs\/","url":"https:\/\/gounaropoulos.gr\/fr\/museum\/educational-programs\/","name":"Programmes \u00e9ducatifs - G. Gounaropoulos","isPartOf":{"@id":"https:\/\/gounaropoulos.gr\/#website"},"datePublished":"2019-09-30T19:58:42+00:00","dateModified":"2022-01-15T13:04:10+00:00","breadcrumb":{"@id":"https:\/\/gounaropoulos.gr\/fr\/museum\/educational-programs\/#breadcrumb"},"inLanguage":"fr-FR","potentialAction":[{"@type":"ReadAction","target":["https:\/\/gounaropoulos.gr\/fr\/museum\/educational-programs\/"]}]},{"@type":"BreadcrumbList","@id":"https:\/\/gounaropoulos.gr\/fr\/museum\/educational-programs\/#breadcrumb","itemListElement":[{"@type":"ListItem","position":1,"name":"Home","item":"https:\/\/gounaropoulos.gr\/fr\/"},{"@type":"ListItem","position":2,"name":"Le Mus\u00e9e","item":"https:\/\/gounaropoulos.gr\/fr\/museum\/"},{"@type":"ListItem","position":3,"name":"Programmes \u00e9ducatifs"}]},{"@type":"WebSite","@id":"https:\/\/gounaropoulos.gr\/#website","url":"https:\/\/gounaropoulos.gr\/","name":"G. Gounaropoulos","description":"Museum","publisher":{"@id":"https:\/\/gounaropoulos.gr\/#organization"},"potentialAction":[{"@type":"SearchAction","target":{"@type":"EntryPoint","urlTemplate":"https:\/\/gounaropoulos.gr\/?s={search_term_string}"},"query-input":"required name=search_term_string"}],"inLanguage":"fr-FR"},{"@type":"Organization","@id":"https:\/\/gounaropoulos.gr\/#organization","name":"G. Gounaropoulos Museum","url":"https:\/\/gounaropoulos.gr\/","logo":{"@type":"ImageObject","inLanguage":"fr-FR","@id":"https:\/\/gounaropoulos.gr\/#\/schema\/logo\/image\/","url":"https:\/\/gounaropoulos.gr\/wp-content\/uploads\/logo_gounaropoulos_400w.png","contentUrl":"https:\/\/gounaropoulos.gr\/wp-content\/uploads\/logo_gounaropoulos_400w.png","width":400,"height":94,"caption":"G. Gounaropoulos Museum"},"image":{"@id":"https:\/\/gounaropoulos.gr\/#\/schema\/logo\/image\/"},"sameAs":["https:\/\/www.youtube.com\/channel\/UCPgvZz8yARvspE5YtntmpYw"]}]}},"_links":{"self":[{"href":"https:\/\/gounaropoulos.gr\/fr\/wp-json\/wp\/v2\/pages\/1817"}],"collection":[{"href":"https:\/\/gounaropoulos.gr\/fr\/wp-json\/wp\/v2\/pages"}],"about":[{"href":"https:\/\/gounaropoulos.gr\/fr\/wp-json\/wp\/v2\/types\/page"}],"author":[{"embeddable":true,"href":"https:\/\/gounaropoulos.gr\/fr\/wp-json\/wp\/v2\/users\/1"}],"replies":[{"embeddable":true,"href":"https:\/\/gounaropoulos.gr\/fr\/wp-json\/wp\/v2\/comments?post=1817"}],"version-history":[{"count":0,"href":"https:\/\/gounaropoulos.gr\/fr\/wp-json\/wp\/v2\/pages\/1817\/revisions"}],"up":[{"embeddable":true,"href":"https:\/\/gounaropoulos.gr\/fr\/wp-json\/wp\/v2\/pages\/1819"}],"wp:attachment":[{"href":"https:\/\/gounaropoulos.gr\/fr\/wp-json\/wp\/v2\/media?parent=1817"}],"curies":[{"name":"wp","href":"https:\/\/api.w.org\/{rel}","templated":true}]}}